{"id":190,"date":"2025-05-06T10:23:50","date_gmt":"2025-05-06T10:23:50","guid":{"rendered":"https:\/\/infallible-chaplygin.82-220-37-30.plesk.page\/wordpress\/?page_id=190"},"modified":"2025-10-29T09:53:07","modified_gmt":"2025-10-29T09:53:07","slug":"winter-2","status":"publish","type":"page","link":"https:\/\/hausvroni.com\/index.php\/tannheimer-tal\/winter-2\/","title":{"rendered":"Winter"},"content":{"rendered":"<p>[et_pb_section fb_built=&#8220;1&#8243; _builder_version=&#8220;4.27.4&#8243; _module_preset=&#8220;default&#8220; global_colors_info=&#8220;{}&#8220;][et_pb_row _builder_version=&#8220;4.27.4&#8243; _module_preset=&#8220;default&#8220; global_colors_info=&#8220;{}&#8220;][et_pb_column type=&#8220;4_4&#8243; _builder_version=&#8220;4.27.4&#8243; _module_preset=&#8220;default&#8220; global_colors_info=&#8220;{}&#8220;][et_pb_blurb title=&#8220;Winter ganz nah an der Natur&#8220; content_max_width=&#8220;1100px&#8220; _builder_version=&#8220;4.27.4&#8243; _module_preset=&#8220;default&#8220; header_text_align=&#8220;center&#8220; body_text_align=&#8220;center&#8220; text_orientation=&#8220;center&#8220; width=&#8220;100%&#8220; global_colors_info=&#8220;{}&#8220;]<\/p>\n<h6 data-start=\"838\" data-end=\"872\"><strong data-start=\"838\" data-end=\"872\">Schnee. Stille. Sonnenschein.<\/strong><\/h6>\n<p data-start=\"949\" data-end=\"1135\" class=\"\">Wenn der Schnee unter den Schuhen knirscht, der Atem kleine W\u00f6lkchen in die klare Bergluft malt und die Wintersonne den Pulverschnee glitzern l\u00e4sst \u2013 dann ist Winter im Tannheimer Tal.<\/p>\n<p data-start=\"1137\" data-end=\"1391\" class=\"\">Abseits von Trubel und Apr\u00e8s-Ski erleben Sie hier einen Winter, wie er sein soll: entspannt, vielseitig und naturverbunden. Ob auf Skiern, zu Fu\u00df oder mit der Rodel \u2013 das Tannheimer Tal bietet Ihnen die perfekte Mischung aus Bewegung und Entschleunigung.<\/p>\n<p>[\/et_pb_blurb][\/et_pb_column][\/et_pb_row][et_pb_row column_structure=&#8220;1_2,1_2&#8243; make_equal=&#8220;on&#8220; _builder_version=&#8220;4.27.4&#8243; _module_preset=&#8220;default&#8220; global_colors_info=&#8220;{}&#8220;][et_pb_column type=&#8220;1_2&#8243; _builder_version=&#8220;4.27.4&#8243; _module_preset=&#8220;default&#8220; custom_css_main_element=&#8220;margin:auto;&#8220; global_colors_info=&#8220;{}&#8220;][et_pb_text _builder_version=&#8220;4.27.4&#8243; _module_preset=&#8220;default&#8220; global_colors_info=&#8220;{}&#8220;]<\/p>\n<h6 data-start=\"1314\" data-end=\"1339\">Langlauf &amp; Skating<\/h6>\n<p data-start=\"1341\" data-end=\"1670\" class=\"\"><span>Das Tannheimer Tal z\u00e4hlt zu den <\/span><strong data-start=\"1981\" data-end=\"2022\">besten Langlaufregionen in \u00d6sterreich<\/strong><span> \u2013 mehrfach ausgezeichnet mit dem Loipeng\u00fctesiegel. \u00dcber 140\u202fkm top-gepflegte Loipen f\u00fchren durch eine stille, m\u00e4rchenhafte Winterwelt. Klassisch oder skating, sportlich oder gem\u00fctlich \u2013 hier findet jede:r seinen Rhythmus.<\/span><\/p>\n<p>[\/et_pb_text][\/et_pb_column][et_pb_column type=&#8220;1_2&#8243; _builder_version=&#8220;4.27.4&#8243; _module_preset=&#8220;default&#8220; custom_css_main_element=&#8220;margin:auto;&#8220; global_colors_info=&#8220;{}&#8220;][et_pb_image src=&#8220;https:\/\/hausvroni.com\/wp-content\/uploads\/2025\/10\/Tannheimertal-Langlaufen_Tirol-Werbung_Schwarz-Charly_Keine-Ortsangabe-scaled.jpg&#8220; alt=&#8220;Langlaufparadies Tannheimer Tal&#8220; title_text=&#8220;Tannheimertal, Langlaufen&#8220; _builder_version=&#8220;4.27.4&#8243; _module_preset=&#8220;default&#8220; hover_enabled=&#8220;0&#8243; global_colors_info=&#8220;{}&#8220; sticky_enabled=&#8220;0&#8243;][\/et_pb_image][\/et_pb_column][\/et_pb_row][et_pb_row column_structure=&#8220;1_2,1_2&#8243; make_equal=&#8220;on&#8220; _builder_version=&#8220;4.27.4&#8243; _module_preset=&#8220;default&#8220; global_colors_info=&#8220;{}&#8220;][et_pb_column type=&#8220;1_2&#8243; _builder_version=&#8220;4.27.4&#8243; _module_preset=&#8220;default&#8220; custom_css_main_element=&#8220;margin:auto;&#8220; global_colors_info=&#8220;{}&#8220;][et_pb_image src=&#8220;https:\/\/hausvroni.com\/wp-content\/uploads\/2025\/05\/WinterBI.jpg&#8220; alt=&#8220;Winterbergbahn inklusive&#8220; title_text=&#8220;WinterBI&#8220; url=&#8220;https:\/\/www.tannheimertal.com\/de\/bergbahnen\/winterbergbahnen\/bergbahnen-inklusive&#8220; _builder_version=&#8220;4.27.4&#8243; _module_preset=&#8220;default&#8220; global_colors_info=&#8220;{}&#8220;][\/et_pb_image][\/et_pb_column][et_pb_column type=&#8220;1_2&#8243; _builder_version=&#8220;4.27.4&#8243; _module_preset=&#8220;default&#8220; custom_css_main_element=&#8220;margin:auto;&#8220; global_colors_info=&#8220;{}&#8220;][et_pb_text _builder_version=&#8220;4.27.4&#8243; _module_preset=&#8220;default&#8220; global_colors_info=&#8220;{}&#8220;]<\/p>\n<h6>Winterbergbahnen inklusive<\/h6>\n<p>Ob Pistenspa\u00df mit der ganzen Familie oder\u00a0<strong>Wanderausfl\u00fcge<\/strong>\u00a0in die idyllische Berglandschaft \u2013 mit dem Angebot \u201eWinterbergbahnen inklusive\u201c ist das alles m\u00f6glich. Es gilt f\u00fcr\u00a0<strong>Skifahrer<\/strong>\u00a0und Snowboardfahrer genauso wie f\u00fcr Wanderer oder\u00a0<strong>Schneeschuhgeher<\/strong>.<\/p>\n<p>F\u00fcr alle G\u00e4ste, die einen Mindestaufenthalt von <strong>drei N\u00e4chten<\/strong> buchen, sind die\u00a0<strong>Lifttickets <\/strong>bei den teilnehmenden Bergbahnen von\u00a0<strong>Montag bis Donnerstag <\/strong>in bestimmten Zeitr\u00e4umen <strong>inklusive.<\/strong><\/p>\n<p>[\/et_pb_text][et_pb_button button_url=&#8220;https:\/\/www.tannheimertal.com\/de\/bergbahnen\/winterbergbahnen\/bergbahnen-inklusive&#8220; url_new_window=&#8220;on&#8220; button_text=&#8220;Zeitr\u00e4ume hier erfahren.&#8220; _builder_version=&#8220;4.27.4&#8243; _module_preset=&#8220;default&#8220; custom_button=&#8220;on&#8220; button_text_color=&#8220;#FFFFFF&#8220; button_bg_color=&#8220;#677a5e&#8220; button_border_radius=&#8220;10px&#8220; global_colors_info=&#8220;{}&#8220;][\/et_pb_button][\/et_pb_column][\/et_pb_row][et_pb_row column_structure=&#8220;1_2,1_2&#8243; make_equal=&#8220;on&#8220; _builder_version=&#8220;4.27.4&#8243; _module_preset=&#8220;default&#8220; global_colors_info=&#8220;{}&#8220;][et_pb_column type=&#8220;1_2&#8243; _builder_version=&#8220;4.27.4&#8243; _module_preset=&#8220;default&#8220; custom_css_main_element=&#8220;margin:auto;&#8220; global_colors_info=&#8220;{}&#8220;][et_pb_text _builder_version=&#8220;4.27.4&#8243; _module_preset=&#8220;default&#8220; global_colors_info=&#8220;{}&#8220;]<\/p>\n<h6 data-start=\"2351\" data-end=\"2389\">Winterwandern &amp; Schneeschuhwandern<\/h6>\n<p data-start=\"2391\" data-end=\"2638\" class=\"\">Wer\u2019s lieber ruhiger mag, findet im Tannheimer Tal ein kleines Paradies f\u00fcr Winterwanderungen. \u00dcber 80\u202fkm ger\u00e4umte Wege f\u00fchren durch W\u00e4lder, \u00fcber Felder und zu sonnigen Aussichtspunkten. Schneeschuhverleih und gef\u00fchrte Touren gibt\u2019s direkt im Ort.<\/p>\n<p data-start=\"2391\" data-end=\"2638\" class=\"\">\n<ul>\n<li data-start=\"2391\" data-end=\"2638\">80\u202fkm ger\u00e4umte Winterwanderwege<\/li>\n<li data-start=\"2391\" data-end=\"2638\">Gef\u00fchrte Schneeschuhtouren<\/li>\n<li data-start=\"2391\" data-end=\"2638\">Wintermomente abseits der Piste<\/li>\n<\/ul>\n<p>[\/et_pb_text][\/et_pb_column][et_pb_column type=&#8220;1_2&#8243; _builder_version=&#8220;4.27.4&#8243; _module_preset=&#8220;default&#8220; custom_css_main_element=&#8220;margin:auto;&#8220; global_colors_info=&#8220;{}&#8220;][et_pb_image src=&#8220;https:\/\/hausvroni.com\/wp-content\/uploads\/2025\/10\/Nesselwaengle_TVB-Tannheimer-Tal_Rohn-Julian_Nesselwaengle-scaled.jpg&#8220; title_text=&#8220;Nesselw\u00e4ngle_TVB Tannheimer Tal_Rohn Julian_Nesselw\u00e4ngle&#8220; _builder_version=&#8220;4.27.4&#8243; _module_preset=&#8220;default&#8220; hover_enabled=&#8220;0&#8243; global_colors_info=&#8220;{}&#8220; sticky_enabled=&#8220;0&#8243;][\/et_pb_image][\/et_pb_column][\/et_pb_row][et_pb_row column_structure=&#8220;1_2,1_2&#8243; make_equal=&#8220;on&#8220; _builder_version=&#8220;4.27.4&#8243; _module_preset=&#8220;default&#8220; global_colors_info=&#8220;{}&#8220;][et_pb_column type=&#8220;1_2&#8243; _builder_version=&#8220;4.27.4&#8243; _module_preset=&#8220;default&#8220; custom_css_main_element=&#8220;margin:auto;&#8220; global_colors_info=&#8220;{}&#8220;][et_pb_image src=&#8220;https:\/\/hausvroni.com\/wp-content\/uploads\/2025\/10\/Tannheim_TVB-Tannheimer-Tal_Foto-Mueller_Tannheim-scaled.jpg&#8220; title_text=&#8220;Tannheim_TVB Tannheimer Tal_Foto M\u00fcller_Tannheim&#8220; _builder_version=&#8220;4.27.4&#8243; _module_preset=&#8220;default&#8220; hover_enabled=&#8220;0&#8243; global_colors_info=&#8220;{}&#8220; sticky_enabled=&#8220;0&#8243;][\/et_pb_image][\/et_pb_column][et_pb_column type=&#8220;1_2&#8243; _builder_version=&#8220;4.27.4&#8243; _module_preset=&#8220;default&#8220; custom_css_main_element=&#8220;margin:auto;&#8220; global_colors_info=&#8220;{}&#8220;][et_pb_text _builder_version=&#8220;4.27.4&#8243; _module_preset=&#8220;default&#8220; global_colors_info=&#8220;{}&#8220;]<\/p>\n<h6 data-start=\"2562\" data-end=\"2594\">Skifahren &amp; Snowboarden<\/h6>\n<p data-start=\"1427\" data-end=\"1632\" class=\"\">Klein, fein, familienfreundlich \u2013 so lassen sich die Skigebiete im Tannheimer Tal beschreiben. Ideal f\u00fcr Genussfahrer:innen, Familien und alle, die kurze Wege, faire Preise und stressfreie Pisten lieben. <span>Egal ob in Gr\u00e4n, Z\u00f6blen, Schattwald oder Tannheim, die Pisten liegen quasi\u00a0<\/span><strong>direkt vor der Haust\u00fcre<\/strong><span>. F\u00fcr Inhaber einer G\u00e4stekarte ist der Skibus, der zwischen den Skipisten im Tannheimer Tal pendelt, kostenlos.<\/span><\/p>\n<p>Der Nachwuchs kann sich \u00fcber <strong>drei verschiedene Ski-Kinderl\u00e4nder<\/strong> freuen &#8211; vom Ice Age-Kinderland in Tannheim \u00fcber den Pumucklhang in Z\u00f6blen, bis hin zur M\u00e4rchenwiese in Gr\u00e4n. Abgerundet wird das Ski-Angebot durch die\u00a0<strong>Skischulen und den Skiverleih.<\/strong><\/p>\n<p>[\/et_pb_text][\/et_pb_column][\/et_pb_row][et_pb_row column_structure=&#8220;1_2,1_2&#8243; make_equal=&#8220;on&#8220; _builder_version=&#8220;4.27.4&#8243; _module_preset=&#8220;default&#8220; global_colors_info=&#8220;{}&#8220;][et_pb_column type=&#8220;1_2&#8243; _builder_version=&#8220;4.27.4&#8243; _module_preset=&#8220;default&#8220; custom_css_main_element=&#8220;margin:auto;&#8220; global_colors_info=&#8220;{}&#8220;][et_pb_text _builder_version=&#8220;4.27.4&#8243; _module_preset=&#8220;default&#8220; global_colors_info=&#8220;{}&#8220;]<\/p>\n<h6 data-start=\"2214\" data-end=\"2240\"><span>Rodelspa\u00df &amp; Familienzeit<\/span><\/h6>\n<p data-start=\"2780\" data-end=\"3066\" class=\"\">Auch f\u00fcr Familien ist der Winter im Tal ein Erlebnis: Rodelbahnen, Eislaufpl\u00e4tze, kleine Skigebiete mit viel \u00dcbersicht \u2013 perfekt f\u00fcr Kinder und Anf\u00e4nger:innen. Und wenn\u2019s mal ruhiger sein darf: ein Schneespaziergang, Kakao auf der H\u00fctte oder eine Pferdeschlittenfahrt tun der Seele gut.<\/p>\n<p data-start=\"2780\" data-end=\"3066\" class=\"\">\n<ul>\n<li data-start=\"2780\" data-end=\"3066\">Rodelbahnen &amp; Winterspielpl\u00e4tze<\/li>\n<li data-start=\"2780\" data-end=\"3066\">Eislaufen im Ort<\/li>\n<li data-start=\"2780\" data-end=\"3066\">Pferdeschlittenfahrten buchbar<\/li>\n<\/ul>\n<p>[\/et_pb_text][\/et_pb_column][et_pb_column type=&#8220;1_2&#8243; _builder_version=&#8220;4.27.4&#8243; _module_preset=&#8220;default&#8220; custom_css_main_element=&#8220;margin:auto;&#8220; global_colors_info=&#8220;{}&#8220;][et_pb_image src=&#8220;https:\/\/hausvroni.com\/wp-content\/uploads\/2025\/10\/Rodeln.jpg&#8220; title_text=&#8220;Rodeln&#8220; _builder_version=&#8220;4.27.4&#8243; _module_preset=&#8220;default&#8220; hover_enabled=&#8220;0&#8243; global_colors_info=&#8220;{}&#8220; sticky_enabled=&#8220;0&#8243;][\/et_pb_image][\/et_pb_column][\/et_pb_row][et_pb_row _builder_version=&#8220;4.27.4&#8243; _module_preset=&#8220;default&#8220; background_color=&#8220;#ebe6e8&#8243; width=&#8220;100%&#8220; max_width=&#8220;2560px&#8220; global_colors_info=&#8220;{}&#8220;][et_pb_column type=&#8220;4_4&#8243; _builder_version=&#8220;4.27.4&#8243; _module_preset=&#8220;default&#8220; global_colors_info=&#8220;{}&#8220;][et_pb_blurb title=&#8220;Ihr Winterurlaub im Haus Vroni&#8220; content_max_width=&#8220;754px&#8220; _builder_version=&#8220;4.27.4&#8243; _module_preset=&#8220;default&#8220; header_text_align=&#8220;center&#8220; body_text_align=&#8220;center&#8220; text_orientation=&#8220;center&#8220; width=&#8220;100%&#8220; global_colors_info=&#8220;{}&#8220;]<\/p>\n<p data-start=\"3461\" data-end=\"3641\" class=\"\"><span>Unser Haus liegt <\/span><strong data-start=\"3899\" data-end=\"3922\">zentral, aber ruhig<\/strong><span> \u2013 nur wenige Gehminuten von Loipen, Winterwanderwegen und der Talstation entfernt. Nach einem Tag im Schnee genie\u00dfen Sie die wohlige W\u00e4rme unserer gem\u00fctlichen Zimmer und Ferienwohnungen.<\/span><\/p>\n<p>[\/et_pb_blurb][\/et_pb_column][\/et_pb_row][et_pb_row column_structure=&#8220;1_3,1_3,1_3&#8243; _builder_version=&#8220;4.27.4&#8243; _module_preset=&#8220;default&#8220; global_colors_info=&#8220;{}&#8220;][et_pb_column type=&#8220;1_3&#8243; _builder_version=&#8220;4.27.4&#8243; _module_preset=&#8220;default&#8220; global_colors_info=&#8220;{}&#8220;][et_pb_image src=&#8220;https:\/\/hausvroni.com\/wp-content\/uploads\/2025\/08\/hausvroni.jpg&#8220; alt=&#8220;Das Haus Vroni in Tannheim Berg&#8220; title_text=&#8220;hausvroni&#8220; url=&#8220;@ET-DC@eyJkeW5hbWljIjp0cnVlLCJjb250ZW50IjoicG9zdF9saW5rX3VybF9wYWdlIiwic2V0dGluZ3MiOnsicG9zdF9pZCI6IjEzNCJ9fQ==@&#8220; _builder_version=&#8220;4.27.4&#8243; _dynamic_attributes=&#8220;url&#8220; _module_preset=&#8220;default&#8220; hover_enabled=&#8220;0&#8243; global_colors_info=&#8220;{}&#8220; sticky_enabled=&#8220;0&#8243;][\/et_pb_image][\/et_pb_column][et_pb_column type=&#8220;1_3&#8243; _builder_version=&#8220;4.27.4&#8243; _module_preset=&#8220;default&#8220; global_colors_info=&#8220;{}&#8220;][et_pb_image src=&#8220;https:\/\/hausvroni.com\/wp-content\/uploads\/2025\/08\/Sommer.jpg&#8220; alt=&#8220;Tannheimer Tal im Sommer&#8220; title_text=&#8220;Sommer&#8220; url=&#8220;@ET-DC@eyJkeW5hbWljIjp0cnVlLCJjb250ZW50IjoicG9zdF9saW5rX3VybF9wYWdlIiwic2V0dGluZ3MiOnsicG9zdF9pZCI6IjY1In19@&#8220; _builder_version=&#8220;4.27.4&#8243; _dynamic_attributes=&#8220;url&#8220; _module_preset=&#8220;default&#8220; hover_enabled=&#8220;0&#8243; global_colors_info=&#8220;{}&#8220; sticky_enabled=&#8220;0&#8243;][\/et_pb_image][\/et_pb_column][et_pb_column type=&#8220;1_3&#8243; _builder_version=&#8220;4.27.4&#8243; _module_preset=&#8220;default&#8220; global_colors_info=&#8220;{}&#8220;][et_pb_image src=&#8220;https:\/\/hausvroni.com\/wp-content\/uploads\/2025\/08\/Ausflugsziele.jpg&#8220; alt=&#8220;Sehensw\u00fcrdigkeiten&#8220; title_text=&#8220;Ausflugsziele&#8220; url=&#8220;@ET-DC@eyJkeW5hbWljIjp0cnVlLCJjb250ZW50IjoicG9zdF9saW5rX3VybF9wYWdlIiwic2V0dGluZ3MiOnsicG9zdF9pZCI6IjE5NyJ9fQ==@&#8220; _builder_version=&#8220;4.27.4&#8243; _dynamic_attributes=&#8220;url&#8220; _module_preset=&#8220;default&#8220; hover_enabled=&#8220;0&#8243; global_colors_info=&#8220;{}&#8220; sticky_enabled=&#8220;0&#8243;][\/et_pb_image][\/et_pb_column][\/et_pb_row][\/et_pb_section]<\/p>\n","protected":false},"excerpt":{"rendered":"<p>Schnee. Stille. Sonnenschein. Wenn der Schnee unter den Schuhen knirscht, der Atem kleine W\u00f6lkchen in die klare Bergluft malt und die Wintersonne den Pulverschnee glitzern l\u00e4sst \u2013 dann ist Winter im Tannheimer Tal. Abseits von Trubel und Apr\u00e8s-Ski erleben Sie hier einen Winter, wie er sein soll: entspannt, vielseitig und naturverbunden. Ob auf Skiern, zu [&hellip;]<\/p>\n","protected":false},"author":1,"featured_media":0,"parent":45,"menu_order":0,"comment_status":"closed","ping_status":"closed","template":"","meta":{"_et_pb_use_builder":"on","_et_pb_old_content":"","_et_gb_content_width":"","footnotes":""},"class_list":["post-190","page","type-page","status-publish","hentry"],"_links":{"self":[{"href":"https:\/\/hausvroni.com\/index.php\/wp-json\/wp\/v2\/pages\/190","targetHints":{"allow":["GET"]}}],"collection":[{"href":"https:\/\/hausvroni.com\/index.php\/wp-json\/wp\/v2\/pages"}],"about":[{"href":"https:\/\/hausvroni.com\/index.php\/wp-json\/wp\/v2\/types\/page"}],"author":[{"embeddable":true,"href":"https:\/\/hausvroni.com\/index.php\/wp-json\/wp\/v2\/users\/1"}],"replies":[{"embeddable":true,"href":"https:\/\/hausvroni.com\/index.php\/wp-json\/wp\/v2\/comments?post=190"}],"version-history":[{"count":8,"href":"https:\/\/hausvroni.com\/index.php\/wp-json\/wp\/v2\/pages\/190\/revisions"}],"predecessor-version":[{"id":581,"href":"https:\/\/hausvroni.com\/index.php\/wp-json\/wp\/v2\/pages\/190\/revisions\/581"}],"up":[{"embeddable":true,"href":"https:\/\/hausvroni.com\/index.php\/wp-json\/wp\/v2\/pages\/45"}],"wp:attachment":[{"href":"https:\/\/hausvroni.com\/index.php\/wp-json\/wp\/v2\/media?parent=190"}],"curies":[{"name":"wp","href":"https:\/\/api.w.org\/{rel}","templated":true}]}}