{"id":45,"date":"2025-04-15T10:14:20","date_gmt":"2025-04-15T10:14:20","guid":{"rendered":"https:\/\/infallible-chaplygin.82-220-37-30.plesk.page\/wordpress\/?page_id=45"},"modified":"2025-08-15T14:35:25","modified_gmt":"2025-08-15T14:35:25","slug":"tannheimer-tal","status":"publish","type":"page","link":"https:\/\/hausvroni.com\/index.php\/tannheimer-tal\/","title":{"rendered":"Tannheimer Tal"},"content":{"rendered":"<p>[et_pb_section fb_built=&#8220;1&#8243; _builder_version=&#8220;4.27.4&#8243; _module_preset=&#8220;default&#8220; global_colors_info=&#8220;{}&#8220;][et_pb_row _builder_version=&#8220;4.27.4&#8243; _module_preset=&#8220;default&#8220; global_colors_info=&#8220;{}&#8220;][et_pb_column type=&#8220;4_4&#8243; _builder_version=&#8220;4.27.4&#8243; _module_preset=&#8220;default&#8220; global_colors_info=&#8220;{}&#8220;][et_pb_blurb title=&#8220;Willkommen im Tannheimer Tal&#8220; content_max_width=&#8220;1100px&#8220; _builder_version=&#8220;4.27.4&#8243; _module_preset=&#8220;default&#8220; header_text_align=&#8220;center&#8220; text_orientation=&#8220;center&#8220; width=&#8220;100%&#8220; global_colors_info=&#8220;{}&#8220;]<\/p>\n<h5><span>Ein kleines Paradies in den Tiroler Alpen<\/span><\/h5>\n<p data-start=\"895\" data-end=\"1201\" class=\"\">Eingebettet zwischen sanften Almen und beeindruckenden Gipfeln liegt das Tannheimer Tal \u2013 eines der sch\u00f6nsten Hocht\u00e4ler Europas. Auf rund 1.100 Metern Seeh\u00f6he erwarten Sie klare Bergluft, eine herrlich unaufgeregte Natur und die perfekte Mischung aus aktiver Erholung und echter Tiroler Gastfreundschaft.<\/p>\n<p data-start=\"1203\" data-end=\"1392\" class=\"\">Egal zu welcher Jahreszeit: Das Tal begeistert mit aussichtsreichen Wanderwegen, glitzernden Winterlandschaften, charmanten D\u00f6rfern und einem unverwechselbaren Gef\u00fchl von Freiheit und Ruhe.<\/p>\n<p>[\/et_pb_blurb][\/et_pb_column][\/et_pb_row][et_pb_row column_structure=&#8220;1_2,1_2&#8243; _builder_version=&#8220;4.27.4&#8243; _module_preset=&#8220;default&#8220; global_colors_info=&#8220;{}&#8220;][et_pb_column type=&#8220;1_2&#8243; _builder_version=&#8220;4.27.4&#8243; _module_preset=&#8220;default&#8220; global_colors_info=&#8220;{}&#8220;][et_pb_text _builder_version=&#8220;4.27.4&#8243; _module_preset=&#8220;default&#8220; global_colors_info=&#8220;{}&#8220;]<\/p>\n<h5 data-start=\"1394\" data-end=\"1427\">Ein Tal \u2013 viele M\u00f6glichkeiten<\/h5>\n<p data-start=\"1429\" data-end=\"1582\" class=\"\">Ob entspannter Genuss oder sportliches Abenteuer \u2013 das Tannheimer Tal zeigt sich im <strong data-start=\"1513\" data-end=\"1523\">Sommer<\/strong> wie im <strong data-start=\"1531\" data-end=\"1541\">Winter<\/strong> von seiner sch\u00f6nsten Seite. Erleben Sie:<\/p>\n<ul>\n<li data-start=\"1584\" data-end=\"1749\" style=\"text-align: left;\"><strong data-start=\"1587\" data-end=\"1632\">Wandern, Radfahren und Bergseen im Sommer<\/strong><\/li>\n<li data-start=\"1584\" data-end=\"1749\" style=\"text-align: left;\"><strong data-start=\"1638\" data-end=\"1691\">Langlaufen, Skifahren und Winterwandern im Winter<\/strong><\/li>\n<li data-start=\"1584\" data-end=\"1749\" style=\"text-align: left;\"><strong data-start=\"1697\" data-end=\"1733\">Abwechslungsreiche Ausflugsziele<\/strong> in der Umgebung<\/li>\n<\/ul>\n<p>&nbsp;<\/p>\n<p><span>Mehr dazu finden Sie auf unseren Themenseiten:<\/span><\/p>\n<p>[\/et_pb_text][\/et_pb_column][et_pb_column type=&#8220;1_2&#8243; _builder_version=&#8220;4.27.4&#8243; _module_preset=&#8220;default&#8220; global_colors_info=&#8220;{}&#8220;][et_pb_image src=&#8220;https:\/\/hausvroni.com\/wp-content\/uploads\/2025\/08\/Tannheim_TVB-Tannheimer-Tal_Ehn-Wolfgang_Tannheim-2.jpg&#8220; title_text=&#8220;Tannheim_TVB Tannheimer Tal_Ehn Wolfgang_Tannheim-2&#8243; _builder_version=&#8220;4.27.4&#8243; _module_preset=&#8220;default&#8220; hover_enabled=&#8220;0&#8243; global_colors_info=&#8220;{}&#8220; sticky_enabled=&#8220;0&#8243;][\/et_pb_image][\/et_pb_column][\/et_pb_row][et_pb_row column_structure=&#8220;1_3,1_3,1_3&#8243; _builder_version=&#8220;4.27.4&#8243; _module_preset=&#8220;default&#8220; min_height=&#8220;251px&#8220; global_colors_info=&#8220;{}&#8220;][et_pb_column type=&#8220;1_3&#8243; _builder_version=&#8220;4.27.4&#8243; _module_preset=&#8220;default&#8220; global_colors_info=&#8220;{}&#8220;][et_pb_image src=&#8220;https:\/\/hausvroni.com\/wp-content\/uploads\/2025\/08\/Sommer.jpg&#8220; alt=&#8220;Tannheimer Tal im Sommer&#8220; title_text=&#8220;Sommer&#8220; url=&#8220;@ET-DC@eyJkeW5hbWljIjp0cnVlLCJjb250ZW50IjoicG9zdF9saW5rX3VybF9wYWdlIiwic2V0dGluZ3MiOnsicG9zdF9pZCI6IjY1In19@&#8220; _builder_version=&#8220;4.27.4&#8243; _dynamic_attributes=&#8220;url&#8220; _module_preset=&#8220;default&#8220; hover_enabled=&#8220;0&#8243; global_colors_info=&#8220;{}&#8220; sticky_enabled=&#8220;0&#8243;][\/et_pb_image][\/et_pb_column][et_pb_column type=&#8220;1_3&#8243; _builder_version=&#8220;4.27.4&#8243; _module_preset=&#8220;default&#8220; global_colors_info=&#8220;{}&#8220;][et_pb_image src=&#8220;https:\/\/hausvroni.com\/wp-content\/uploads\/2025\/08\/Winter.jpg&#8220; alt=&#8220;Winter im Tannheimer Tal&#8220; title_text=&#8220;Winter&#8220; url=&#8220;@ET-DC@eyJkeW5hbWljIjp0cnVlLCJjb250ZW50IjoicG9zdF9saW5rX3VybF9wYWdlIiwic2V0dGluZ3MiOnsicG9zdF9pZCI6IjE5MCJ9fQ==@&#8220; _builder_version=&#8220;4.27.4&#8243; _dynamic_attributes=&#8220;url&#8220; _module_preset=&#8220;default&#8220; hover_enabled=&#8220;0&#8243; global_colors_info=&#8220;{}&#8220; sticky_enabled=&#8220;0&#8243;][\/et_pb_image][\/et_pb_column][et_pb_column type=&#8220;1_3&#8243; _builder_version=&#8220;4.27.4&#8243; _module_preset=&#8220;default&#8220; global_colors_info=&#8220;{}&#8220;][et_pb_image src=&#8220;https:\/\/hausvroni.com\/wp-content\/uploads\/2025\/08\/Ausflugsziele.jpg&#8220; alt=&#8220;Sehensw\u00fcrdigkeiten&#8220; title_text=&#8220;Ausflugsziele&#8220; url=&#8220;@ET-DC@eyJkeW5hbWljIjp0cnVlLCJjb250ZW50IjoicG9zdF9saW5rX3VybF9wYWdlIiwic2V0dGluZ3MiOnsicG9zdF9pZCI6IjE5NyJ9fQ==@&#8220; _builder_version=&#8220;4.27.4&#8243; _dynamic_attributes=&#8220;url&#8220; _module_preset=&#8220;default&#8220; hover_enabled=&#8220;0&#8243; global_colors_info=&#8220;{}&#8220; sticky_enabled=&#8220;0&#8243;][\/et_pb_image][\/et_pb_column][\/et_pb_row][\/et_pb_section][et_pb_section fb_built=&#8220;1&#8243; _builder_version=&#8220;4.27.4&#8243; _module_preset=&#8220;default&#8220; background_color=&#8220;#ebe6e8&#8243; global_colors_info=&#8220;{}&#8220;][et_pb_row column_structure=&#8220;1_2,1_2&#8243; make_equal=&#8220;on&#8220; _builder_version=&#8220;4.27.4&#8243; _module_preset=&#8220;default&#8220; background_color=&#8220;RGBA(255,255,255,0)&#8220; custom_margin=&#8220;auto||auto||true|false&#8220; custom_padding=&#8220;||||true|false&#8220; global_colors_info=&#8220;{}&#8220;][et_pb_column type=&#8220;1_2&#8243; _builder_version=&#8220;4.27.4&#8243; _module_preset=&#8220;default&#8220; custom_css_main_element=&#8220;margin:auto;&#8220; global_colors_info=&#8220;{}&#8220;][et_pb_blurb title=&#8220;Tannheimer Tal auf einen Blick&#8220; _builder_version=&#8220;4.27.4&#8243; _module_preset=&#8220;default&#8220; header_text_align=&#8220;center&#8220; body_text_align=&#8220;center&#8220; text_orientation=&#8220;center&#8220; width=&#8220;100%&#8220; global_colors_info=&#8220;{}&#8220;][\/et_pb_blurb][\/et_pb_column][et_pb_column type=&#8220;1_2&#8243; _builder_version=&#8220;4.27.4&#8243; _module_preset=&#8220;default&#8220; custom_css_main_element=&#8220;margin:auto;&#8220; global_colors_info=&#8220;{}&#8220;][et_pb_image src=&#8220;https:\/\/hausvroni.com\/wp-content\/uploads\/2025\/04\/Berge-aus-Logo-Gruen-scaled.png&#8220; title_text=&#8220;Berge aus Logo Gruen&#8220; _builder_version=&#8220;4.27.4&#8243; _module_preset=&#8220;default&#8220; width=&#8220;56%&#8220; global_colors_info=&#8220;{}&#8220;][\/et_pb_image][\/et_pb_column][\/et_pb_row][et_pb_row _builder_version=&#8220;4.27.4&#8243; _module_preset=&#8220;default&#8220; global_colors_info=&#8220;{}&#8220;][et_pb_column type=&#8220;4_4&#8243; _builder_version=&#8220;4.27.4&#8243; _module_preset=&#8220;default&#8220; global_colors_info=&#8220;{}&#8220;][et_pb_text _builder_version=&#8220;4.27.4&#8243; _module_preset=&#8220;default&#8220; global_colors_info=&#8220;{}&#8220;]<\/p>\n<p style=\"text-align: center;\"><span><strong>Lage<\/strong>: Nordtirol, nahe der deutschen Grenze<\/span><\/p>\n<p style=\"text-align: center;\"><span><strong>H\u00f6henlage<\/strong>: ca. 1.100\u202fm<\/span><span><\/span><span><\/span><\/p>\n<p style=\"text-align: center;\"><span>Wandern auf <strong>drei Ebenen<\/strong><\/span><\/p>\n<p style=\"text-align: center;\"><span><strong>31 Almen &amp; H\u00fctten<\/strong> laden zur Einkehr ein<\/span><\/p>\n<p style=\"text-align: center;\"><span><strong>140\u202fkm<\/strong> Loipennetz \u2013 mehrfach ausgezeichnet<\/span><br data-start=\"2107\" data-end=\"2110\" \/><span><\/span><\/p>\n<p style=\"text-align: center;\"><span><strong>Beliebte Radstrecken<\/strong> &amp; E-Bike-Touren<\/span><span><\/span><\/p>\n<p style=\"text-align: center;\"><span>Ideal f\u00fcr <strong>Familien, Ruhesuchende &amp; Naturliebhaber<\/strong><\/span><\/p>\n<p>[\/et_pb_text][\/et_pb_column][\/et_pb_row][\/et_pb_section][et_pb_section fb_built=&#8220;1&#8243; _builder_version=&#8220;4.27.4&#8243; _module_preset=&#8220;default&#8220; global_colors_info=&#8220;{}&#8220;][et_pb_row column_structure=&#8220;1_2,1_2&#8243; _builder_version=&#8220;4.27.4&#8243; _module_preset=&#8220;default&#8220; min_height=&#8220;402px&#8220; global_colors_info=&#8220;{}&#8220;][et_pb_column type=&#8220;1_2&#8243; _builder_version=&#8220;4.27.4&#8243; _module_preset=&#8220;default&#8220; global_colors_info=&#8220;{}&#8220;][et_pb_image src=&#8220;https:\/\/hausvroni.com\/wp-content\/uploads\/2025\/04\/Haus-Vroni-Sommer-860&#215;484-1.jpg&#8220; title_text=&#8220;Haus-Vroni-Sommer-860&#215;484&#8243; _builder_version=&#8220;4.27.4&#8243; _module_preset=&#8220;default&#8220; box_shadow_style=&#8220;preset4&#8243; box_shadow_horizontal=&#8220;20px&#8220; box_shadow_vertical=&#8220;20px&#8220; box_shadow_spread=&#8220;10px&#8220; box_shadow_color=&#8220;#677a5e&#8220; global_colors_info=&#8220;{}&#8220;][\/et_pb_image][\/et_pb_column][et_pb_column type=&#8220;1_2&#8243; _builder_version=&#8220;4.27.4&#8243; _module_preset=&#8220;default&#8220; global_colors_info=&#8220;{}&#8220;][et_pb_text _builder_version=&#8220;4.27.4&#8243; _module_preset=&#8220;default&#8220; global_colors_info=&#8220;{}&#8220;]<\/p>\n<h5 data-start=\"2253\" data-end=\"2275\">Ihre Auszeit wartet<\/h5>\n<p data-start=\"2277\" data-end=\"2421\" class=\"\">Ob Sie Gipfel st\u00fcrmen oder einfach die Seele baumeln lassen m\u00f6chten \u2013 das Tannheimer Tal wird Sie mit seiner nat\u00fcrlichen Sch\u00f6nheit verzaubern.<\/p>\n<p>[\/et_pb_text][et_pb_button button_url=&#8220;@ET-DC@eyJkeW5hbWljIjp0cnVlLCJjb250ZW50IjoicG9zdF9saW5rX3VybF9wYWdlIiwic2V0dGluZ3MiOnsicG9zdF9pZCI6IjUzIn19@&#8220; button_text=&#8220;Jetzt Aufenthalt im Haus Vroni planen&#8220; button_alignment=&#8220;center&#8220; _builder_version=&#8220;4.27.4&#8243; _dynamic_attributes=&#8220;button_url&#8220; _module_preset=&#8220;default&#8220; custom_button=&#8220;on&#8220; button_text_color=&#8220;#FFFFFF&#8220; button_bg_color=&#8220;#675866&#8243; button_border_radius=&#8220;10px&#8220; background_layout=&#8220;dark&#8220; global_colors_info=&#8220;{}&#8220;][\/et_pb_button][\/et_pb_column][\/et_pb_row][\/et_pb_section]<\/p>\n","protected":false},"excerpt":{"rendered":"<p>Ein kleines Paradies in den Tiroler Alpen Eingebettet zwischen sanften Almen und beeindruckenden Gipfeln liegt das Tannheimer Tal \u2013 eines der sch\u00f6nsten Hocht\u00e4ler Europas. Auf rund 1.100 Metern Seeh\u00f6he erwarten Sie klare Bergluft, eine herrlich unaufgeregte Natur und die perfekte Mischung aus aktiver Erholung und echter Tiroler Gastfreundschaft. Egal zu welcher Jahreszeit: Das Tal begeistert [&hellip;]<\/p>\n","protected":false},"author":1,"featured_media":0,"parent":0,"menu_order":0,"comment_status":"closed","ping_status":"closed","template":"","meta":{"_et_pb_use_builder":"on","_et_pb_old_content":"<!-- wp:divi\/placeholder \/-->","_et_gb_content_width":"","footnotes":""},"class_list":["post-45","page","type-page","status-publish","hentry"],"_links":{"self":[{"href":"https:\/\/hausvroni.com\/index.php\/wp-json\/wp\/v2\/pages\/45","targetHints":{"allow":["GET"]}}],"collection":[{"href":"https:\/\/hausvroni.com\/index.php\/wp-json\/wp\/v2\/pages"}],"about":[{"href":"https:\/\/hausvroni.com\/index.php\/wp-json\/wp\/v2\/types\/page"}],"author":[{"embeddable":true,"href":"https:\/\/hausvroni.com\/index.php\/wp-json\/wp\/v2\/users\/1"}],"replies":[{"embeddable":true,"href":"https:\/\/hausvroni.com\/index.php\/wp-json\/wp\/v2\/comments?post=45"}],"version-history":[{"count":10,"href":"https:\/\/hausvroni.com\/index.php\/wp-json\/wp\/v2\/pages\/45\/revisions"}],"predecessor-version":[{"id":561,"href":"https:\/\/hausvroni.com\/index.php\/wp-json\/wp\/v2\/pages\/45\/revisions\/561"}],"wp:attachment":[{"href":"https:\/\/hausvroni.com\/index.php\/wp-json\/wp\/v2\/media?parent=45"}],"curies":[{"name":"wp","href":"https:\/\/api.w.org\/{rel}","templated":true}]}}