{"id":55,"date":"2025-04-15T10:16:50","date_gmt":"2025-04-15T10:16:50","guid":{"rendered":"https:\/\/infallible-chaplygin.82-220-37-30.plesk.page\/wordpress\/?page_id=55"},"modified":"2026-01-13T17:06:23","modified_gmt":"2026-01-13T17:06:23","slug":"kontakt-anreise","status":"publish","type":"page","link":"https:\/\/hausvroni.com\/index.php\/kontakt-anreise\/","title":{"rendered":"Kontakt\/Anreise"},"content":{"rendered":"<p>[et_pb_section fb_built=&#8220;1&#8243; _builder_version=&#8220;4.27.4&#8243; _module_preset=&#8220;default&#8220; background_color=&#8220;#ebe6e8&#8243; global_colors_info=&#8220;{}&#8220;][et_pb_row column_structure=&#8220;1_2,1_2&#8243; _builder_version=&#8220;4.27.4&#8243; _module_preset=&#8220;default&#8220; background_color=&#8220;RGBA(255,255,255,0)&#8220; global_colors_info=&#8220;{}&#8220;][et_pb_column type=&#8220;1_2&#8243; _builder_version=&#8220;4.27.4&#8243; _module_preset=&#8220;default&#8220; global_colors_info=&#8220;{}&#8220;][et_pb_blurb title=&#8220;Kontakt&#8220; _builder_version=&#8220;4.27.4&#8243; _module_preset=&#8220;default&#8220; width=&#8220;50%&#8220; module_alignment=&#8220;center&#8220; global_colors_info=&#8220;{}&#8220;]<\/p>\n<p class=\"widget-title\">Haus Vroni<br \/>Fam. Christine &amp; Adalbert Gugger<br \/>Berg 43<br \/>A-6675 Tannheim<\/p>\n<div class=\"textwidget\">\n<p>&nbsp;<\/p>\n<p>Tel.: <a href=\"tel:+436769787069\">+43\u00a0676 978 70 69<\/a><br \/>Mail: <a href=\"mailto:info@hausvroni.com\">info@hausvroni.com<\/a><\/p>\n<\/div>\n<p>[\/et_pb_blurb][\/et_pb_column][et_pb_column type=&#8220;1_2&#8243; _builder_version=&#8220;4.27.4&#8243; _module_preset=&#8220;default&#8220; global_colors_info=&#8220;{}&#8220;][et_pb_image src=&#8220;https:\/\/hausvroni.com\/wp-content\/uploads\/2025\/04\/Haus-Vroni-Sommer-860&#215;484-1.jpg&#8220; title_text=&#8220;Haus-Vroni-Sommer-860&#215;484&#8243; _builder_version=&#8220;4.27.4&#8243; _module_preset=&#8220;default&#8220; global_colors_info=&#8220;{}&#8220;][\/et_pb_image][\/et_pb_column][\/et_pb_row][et_pb_row _builder_version=&#8220;4.27.4&#8243; _module_preset=&#8220;default&#8220; global_colors_info=&#8220;{}&#8220;][et_pb_column type=&#8220;4_4&#8243; _builder_version=&#8220;4.27.4&#8243; _module_preset=&#8220;default&#8220; global_colors_info=&#8220;{}&#8220;][et_pb_contact_form title=&#8220;Sie haben eine Anfrage oder eine Frage?&#8220; _builder_version=&#8220;4.27.5&#8243; _module_preset=&#8220;default&#8220; _unique_id=&#8220;deccea64-66cf-4e04-a152-9477bd1a3789&#8243; title_level=&#8220;h3&#8243; title_text_color=&#8220;#677a5e&#8220; custom_button=&#8220;on&#8220; button_text_color=&#8220;#677a5e&#8220; button_border_color=&#8220;#677a5e&#8220; button_border_radius=&#8220;10px&#8220; hover_enabled=&#8220;0&#8243; global_colors_info=&#8220;{}&#8220; success_message=&#8220;Vielen Dank f\u00fcr Ihre Nachricht! Sie erhalten schnellstm\u00f6glich eine R\u00fcckmeldung von uns.&#8220; sticky_enabled=&#8220;0&#8243; submit_button_text=&#8220;Absenden&#8220; email=&#8220;info@hausvroni.com&#8220;][et_pb_contact_field field_id=&#8220;Name&#8220; field_title=&#8220;Name&#8220; _builder_version=&#8220;4.16&#8243; global_colors_info=&#8220;{}&#8220; button_text_size__hover_enabled=&#8220;off&#8220; button_one_text_size__hover_enabled=&#8220;off&#8220; button_two_text_size__hover_enabled=&#8220;off&#8220; button_text_color__hover_enabled=&#8220;off&#8220; button_one_text_color__hover_enabled=&#8220;off&#8220; button_two_text_color__hover_enabled=&#8220;off&#8220; button_border_width__hover_enabled=&#8220;off&#8220; button_one_border_width__hover_enabled=&#8220;off&#8220; button_two_border_width__hover_enabled=&#8220;off&#8220; button_border_color__hover_enabled=&#8220;off&#8220; button_one_border_color__hover_enabled=&#8220;off&#8220; button_two_border_color__hover_enabled=&#8220;off&#8220; button_border_radius__hover_enabled=&#8220;off&#8220; button_one_border_radius__hover_enabled=&#8220;off&#8220; button_two_border_radius__hover_enabled=&#8220;off&#8220; button_letter_spacing__hover_enabled=&#8220;off&#8220; button_one_letter_spacing__hover_enabled=&#8220;off&#8220; button_two_letter_spacing__hover_enabled=&#8220;off&#8220; button_bg_color__hover_enabled=&#8220;off&#8220; button_one_bg_color__hover_enabled=&#8220;off&#8220; button_two_bg_color__hover_enabled=&#8220;off&#8220;][\/et_pb_contact_field][et_pb_contact_field field_id=&#8220;Email&#8220; field_title=&#8220;E-Mail-Adresse&#8220; field_type=&#8220;email&#8220; _builder_version=&#8220;4.16&#8243; global_colors_info=&#8220;{}&#8220; button_text_size__hover_enabled=&#8220;off&#8220; button_one_text_size__hover_enabled=&#8220;off&#8220; button_two_text_size__hover_enabled=&#8220;off&#8220; button_text_color__hover_enabled=&#8220;off&#8220; button_one_text_color__hover_enabled=&#8220;off&#8220; button_two_text_color__hover_enabled=&#8220;off&#8220; button_border_width__hover_enabled=&#8220;off&#8220; button_one_border_width__hover_enabled=&#8220;off&#8220; button_two_border_width__hover_enabled=&#8220;off&#8220; button_border_color__hover_enabled=&#8220;off&#8220; button_one_border_color__hover_enabled=&#8220;off&#8220; button_two_border_color__hover_enabled=&#8220;off&#8220; button_border_radius__hover_enabled=&#8220;off&#8220; button_one_border_radius__hover_enabled=&#8220;off&#8220; button_two_border_radius__hover_enabled=&#8220;off&#8220; button_letter_spacing__hover_enabled=&#8220;off&#8220; button_one_letter_spacing__hover_enabled=&#8220;off&#8220; button_two_letter_spacing__hover_enabled=&#8220;off&#8220; button_bg_color__hover_enabled=&#8220;off&#8220; button_one_bg_color__hover_enabled=&#8220;off&#8220; button_two_bg_color__hover_enabled=&#8220;off&#8220;][\/et_pb_contact_field][et_pb_contact_field field_id=&#8220;Message&#8220; field_title=&#8220;Nachricht&#8220; field_type=&#8220;text&#8220; fullwidth_field=&#8220;on&#8220; _builder_version=&#8220;4.16&#8243; global_colors_info=&#8220;{}&#8220; button_text_size__hover_enabled=&#8220;off&#8220; button_one_text_size__hover_enabled=&#8220;off&#8220; button_two_text_size__hover_enabled=&#8220;off&#8220; button_text_color__hover_enabled=&#8220;off&#8220; button_one_text_color__hover_enabled=&#8220;off&#8220; button_two_text_color__hover_enabled=&#8220;off&#8220; button_border_width__hover_enabled=&#8220;off&#8220; button_one_border_width__hover_enabled=&#8220;off&#8220; button_two_border_width__hover_enabled=&#8220;off&#8220; button_border_color__hover_enabled=&#8220;off&#8220; button_one_border_color__hover_enabled=&#8220;off&#8220; button_two_border_color__hover_enabled=&#8220;off&#8220; button_border_radius__hover_enabled=&#8220;off&#8220; button_one_border_radius__hover_enabled=&#8220;off&#8220; button_two_border_radius__hover_enabled=&#8220;off&#8220; button_letter_spacing__hover_enabled=&#8220;off&#8220; button_one_letter_spacing__hover_enabled=&#8220;off&#8220; button_two_letter_spacing__hover_enabled=&#8220;off&#8220; button_bg_color__hover_enabled=&#8220;off&#8220; button_one_bg_color__hover_enabled=&#8220;off&#8220; button_two_bg_color__hover_enabled=&#8220;off&#8220;][\/et_pb_contact_field][\/et_pb_contact_form][\/et_pb_column][\/et_pb_row][\/et_pb_section][et_pb_section fb_built=&#8220;1&#8243; _builder_version=&#8220;4.27.4&#8243; _module_preset=&#8220;default&#8220; global_colors_info=&#8220;{}&#8220;][et_pb_row _builder_version=&#8220;4.27.4&#8243; _module_preset=&#8220;default&#8220; global_colors_info=&#8220;{}&#8220;][et_pb_column type=&#8220;4_4&#8243; _builder_version=&#8220;4.27.4&#8243; _module_preset=&#8220;default&#8220; global_colors_info=&#8220;{}&#8220;][et_pb_code _builder_version=&#8220;4.27.4&#8243; _module_preset=&#8220;default&#8220; global_colors_info=&#8220;{}&#8220;]<!-- <iframe loading=\"lazy\" width=\"100%\" height=\"350\" frameborder=\"0\" scrolling=\"no\" marginheight=\"0\" marginwidth=\"0\" src=\"https:\/\/www.openstreetmap.org\/export\/embed.html?bbox=10.49623489379883%2C47.41275567091137%2C10.731754302978517%2C47.552548880794056&layer=mapnik&marker=47.48264076933537%2C10.613994598388672\" style=\"border: 1px solid black\"><\/iframe><!\u2013- [et_pb_br_holder] -\u2013><small><a href=\"https:\/\/www.openstreetmap.org\/?mlat=47.4826&mlon=10.6140#map=13\/47.4827\/10.6140\">Gr\u00f6\u00dfere Karte anzeigen<\/a><\/small> --><!-- [et_pb_line_break_holder] --><!-- [et_pb_line_break_holder] --><iframe loading=\"lazy\" width=\"100%\" height=\"350\" frameborder=\"0\" scrolling=\"no\" marginheight=\"0\" marginwidth=\"0\" src=\"https:\/\/www.openstreetmap.org\/export\/embed.html?bbox=10.51395356655121%2C47.50420896394338%2C10.51621735095978%2C47.505426566022784&#038;layer=mapnik&#038;marker=47.50481776851342%2C10.515085458755493\" style=\"border: 1px solid black\"><\/iframe><!\u2013- [et_pb_br_holder] -\u2013><small><a href=\"https:\/\/www.openstreetmap.org\/?mlat=47.504818&#038;mlon=10.515085#map=19\/47.504818\/10.515085\">Gr\u00f6\u00dfere Karte anzeigen<\/a><\/small>[\/et_pb_code][\/et_pb_column][\/et_pb_row][et_pb_row _builder_version=&#8220;4.27.4&#8243; _module_preset=&#8220;default&#8220; global_colors_info=&#8220;{}&#8220;][et_pb_column type=&#8220;4_4&#8243; _builder_version=&#8220;4.27.4&#8243; _module_preset=&#8220;default&#8220; global_colors_info=&#8220;{}&#8220;][et_pb_divider _builder_version=&#8220;4.27.4&#8243; _module_preset=&#8220;default&#8220; global_colors_info=&#8220;{}&#8220;][\/et_pb_divider][\/et_pb_column][\/et_pb_row][et_pb_row _builder_version=&#8220;4.27.4&#8243; _module_preset=&#8220;default&#8220; global_colors_info=&#8220;{}&#8220;][et_pb_column type=&#8220;4_4&#8243; _builder_version=&#8220;4.27.4&#8243; _module_preset=&#8220;default&#8220; global_colors_info=&#8220;{}&#8220;][et_pb_blurb title=&#8220;Anreise&#8220; icon_placement=&#8220;left&#8220; image_icon_width=&#8220;100%&#8220; content_max_width=&#8220;1100px&#8220; _builder_version=&#8220;4.27.4&#8243; _module_preset=&#8220;default&#8220; width=&#8220;100%&#8220; module_alignment=&#8220;center&#8220; global_colors_info=&#8220;{}&#8220;]<\/p>\n<p class=\"widget-title\"><strong>Mit dem Auto:<\/strong><\/p>\n<p class=\"widget-title\"><span>Ob aus Paris, Br\u00fcssel, Amsterdam oder Hamburg \u2013 EUROPAS NORDEN hat Direktanschluss \u00fcber die Autobahn Ulm-Kempten-Oy-Ausfahrt Oberjoch-<\/span><b>Tannheimer Tal<\/b><span>.<\/span><br \/><span>Aus der <\/span><b>Schweiz<\/b><span> erreicht man uns \u00fcber Lindau-Sonthofen bzw. Arlberg, von <\/span><b>Italien <\/b><span>\u00fcber Autobahn Innsbruck-M\u00f6tz-Fernpa\u00df-Reutte-Wei\u00dfenbach-<\/span><b>Tannheimer Tal.<\/b><\/p>\n<p>[\/et_pb_blurb][et_pb_image src=&#8220;https:\/\/hausvroni.com\/wp-content\/uploads\/2025\/05\/neuanfahrtspinne_einfach_hp.5d6caccb.jpg&#8220; title_text=&#8220;neuanfahrtspinne_einfach_hp.5d6caccb&#8220; _builder_version=&#8220;4.27.4&#8243; _module_preset=&#8220;default&#8220; global_colors_info=&#8220;{}&#8220;][\/et_pb_image][et_pb_blurb icon_placement=&#8220;left&#8220; image_icon_width=&#8220;100%&#8220; content_max_width=&#8220;1100px&#8220; _builder_version=&#8220;4.27.4&#8243; _module_preset=&#8220;default&#8220; width=&#8220;100%&#8220; module_alignment=&#8220;center&#8220; global_colors_info=&#8220;{}&#8220;]<\/p>\n<p class=\"widget-title\"><strong>Mit der Bahn und kostenlosem Shuttlebus ab ULM:<\/strong><\/p>\n<p class=\"widget-title\"><span>Der kostenlose SHUTTLEBUS verkehrt <span style=\"text-decoration: underline;\"><strong>jeden Samstag<\/strong><\/span> ab dem Bahnhofsvorplatz Ulm direkt ins sch\u00f6nste Hochtal Europas. Verstauen Sie Ihr Gep\u00e4ck und gegen Vorlage einer g\u00fcltigen Buchungsbest\u00e4tigung der Unterkunft geht die Fahrt entspannt weiter: <strong>Ankunft Tannheimer Tal.<\/strong><\/span><span><strong><\/strong><\/span><\/p>\n<p>Abfahrtszeit des SHUTTLEBUSSES in Ulm ist ca.<strong>\u00a0<\/strong>14:30 Uhr. Die Fahrzeit: rund 90 Minuten.<\/p>\n<p>In der Gegenrichtung f\u00e4hrt der SHUTTLEBUS am Vormittag im Tannheimer Tal ab. Er erreicht Ulm Hbf gegen ca. 13:30 Uhr. Damit bleibt ausreichend Zeit zum Umsteigen in die Fernz\u00fcge Richtung Norden, die dort gegen 14:00 Uhr abfahren.<br \/>Alle Fahrg\u00e4ste erhalten zeitnah per<strong> Mail<\/strong> Informationen zu Abfahrtszeiten, \u00c4nderungen etc.<\/p>\n<p><strong>Wichtig ist eine Voranmeldung<\/strong>\u00a0f\u00fcr den Busshuttle, damit die Transportkapazit\u00e4ten geplant werden k\u00f6nnen. Voranmeldungen sind\u00a0<strong>bis 7 Tage vor An-\/Abreise (jeweils SAMSTAG)<\/strong>\u00a0im Online Tool m\u00f6glich. Kurzfristige Buchungen werden \u00fcber die info@woetzer.tirol oder +43 5675 20740 entgegengenommen.<\/p>\n<p>Alle Informationen dazu finden Sie <strong><a href=\"https:\/\/www.tannheimertal.com\/de\/service\/faqs\/anreise\" target=\"_blank\" rel=\"noopener\">hier<\/a><\/strong>.<\/p>\n<p>Hier geht&#8216; zur online Anmeldung:\u00a0<strong><a href=\"https:\/\/busbuchung.tannheimertal.com\/\" target=\"_blank\" rel=\"noopener\">ANMELDUNG<\/a><\/strong><\/p>\n<p>[\/et_pb_blurb][et_pb_image src=&#8220;https:\/\/hausvroni.com\/wp-content\/uploads\/2025\/05\/ShuttlebusUlm-1.jpg&#8220; title_text=&#8220;ShuttlebusUlm&#8220; _builder_version=&#8220;4.27.4&#8243; _module_preset=&#8220;default&#8220; global_colors_info=&#8220;{}&#8220;][\/et_pb_image][\/et_pb_column][\/et_pb_row][\/et_pb_section]<\/p>\n","protected":false},"excerpt":{"rendered":"<p>Haus VroniFam. Christine &amp; Adalbert GuggerBerg 43A-6675 Tannheim &nbsp; Tel.: +43\u00a0676 978 70 69Mail: info@hausvroni.com Mit dem Auto: Ob aus Paris, Br\u00fcssel, Amsterdam oder Hamburg \u2013 EUROPAS NORDEN hat Direktanschluss \u00fcber die Autobahn Ulm-Kempten-Oy-Ausfahrt Oberjoch-Tannheimer Tal.Aus der Schweiz erreicht man uns \u00fcber Lindau-Sonthofen bzw. Arlberg, von Italien \u00fcber Autobahn Innsbruck-M\u00f6tz-Fernpa\u00df-Reutte-Wei\u00dfenbach-Tannheimer Tal.Mit der Bahn und kostenlosem [&hellip;]<\/p>\n","protected":false},"author":1,"featured_media":0,"parent":0,"menu_order":0,"comment_status":"closed","ping_status":"closed","template":"","meta":{"_et_pb_use_builder":"on","_et_pb_old_content":"<!-- wp:divi\/placeholder \/-->","_et_gb_content_width":"","footnotes":""},"class_list":["post-55","page","type-page","status-publish","hentry"],"_links":{"self":[{"href":"https:\/\/hausvroni.com\/index.php\/wp-json\/wp\/v2\/pages\/55","targetHints":{"allow":["GET"]}}],"collection":[{"href":"https:\/\/hausvroni.com\/index.php\/wp-json\/wp\/v2\/pages"}],"about":[{"href":"https:\/\/hausvroni.com\/index.php\/wp-json\/wp\/v2\/types\/page"}],"author":[{"embeddable":true,"href":"https:\/\/hausvroni.com\/index.php\/wp-json\/wp\/v2\/users\/1"}],"replies":[{"embeddable":true,"href":"https:\/\/hausvroni.com\/index.php\/wp-json\/wp\/v2\/comments?post=55"}],"version-history":[{"count":11,"href":"https:\/\/hausvroni.com\/index.php\/wp-json\/wp\/v2\/pages\/55\/revisions"}],"predecessor-version":[{"id":712,"href":"https:\/\/hausvroni.com\/index.php\/wp-json\/wp\/v2\/pages\/55\/revisions\/712"}],"wp:attachment":[{"href":"https:\/\/hausvroni.com\/index.php\/wp-json\/wp\/v2\/media?parent=55"}],"curies":[{"name":"wp","href":"https:\/\/api.w.org\/{rel}","templated":true}]}}