{"id":63,"date":"2025-04-15T11:43:09","date_gmt":"2025-04-15T11:43:09","guid":{"rendered":"https:\/\/infallible-chaplygin.82-220-37-30.plesk.page\/wordpress\/?page_id=63"},"modified":"2026-01-14T12:10:19","modified_gmt":"2026-01-14T12:10:19","slug":"preislistesommer","status":"publish","type":"page","link":"https:\/\/hausvroni.com\/index.php\/zimmer-ferienwohnungen\/preislistesommer\/","title":{"rendered":"Preisliste Sommer"},"content":{"rendered":"<p>[et_pb_section fb_built=&#8220;1&#8243; _builder_version=&#8220;4.27.4&#8243; _module_preset=&#8220;default&#8220; global_colors_info=&#8220;{}&#8220;][et_pb_row _builder_version=&#8220;4.27.4&#8243; _module_preset=&#8220;default&#8220; global_colors_info=&#8220;{}&#8220;][et_pb_column type=&#8220;4_4&#8243; _builder_version=&#8220;4.27.4&#8243; _module_preset=&#8220;default&#8220; global_colors_info=&#8220;{}&#8220;][et_pb_blurb title=&#8220;Sommerpreise 2026&#8243; content_max_width=&#8220;1100px&#8220; _builder_version=&#8220;4.27.4&#8243; _module_preset=&#8220;default&#8220; header_font=&#8220;Tahoma||||||||&#8220; header_text_align=&#8220;center&#8220; body_text_align=&#8220;center&#8220; global_colors_info=&#8220;{}&#8220;]<\/p>\n<p data-start=\"162\" data-end=\"340\" class=\"\">Ob gem\u00fctliches Zimmer oder gro\u00dfz\u00fcgige Ferienwohnung \u2013 hier finden Sie alle Preise f\u00fcr Ihren Aufenthalt im Haus Vroni im Tannheimertal. Transparent, fair und saisonal angepasst.<\/p>\n<p data-start=\"342\" data-end=\"411\" class=\"\">Bei Fragen stehen wir Ihnen jederzeit gerne pers\u00f6nlich zur Verf\u00fcgung!<\/p>\n<p data-start=\"342\" data-end=\"411\" class=\"\"><strong data-start=\"256\" data-end=\"283\">Preise pro Person\/Nacht<\/strong> in den Zimmern inkl. Fr\u00fchst\u00fccksbuffet<br data-start=\"321\" data-end=\"324\" \/><strong data-start=\"324\" data-end=\"342\">Preise pro Tag<\/strong> in den Ferienwohnungen zzgl. <strong data-start=\"372\" data-end=\"407\">Kurtaxe \u20ac 3,50 pro Person\/Nacht<br \/>F\u00fcr \u00dcbernachtungen bei 1 &#8211; 3 N\u00e4chten gilt ein Kurzaufenthaltszuschlag von \u20ac 6,- pro Person und Nacht.<\/strong><strong data-start=\"372\" data-end=\"407\"><\/strong><\/p>\n<p>[\/et_pb_blurb][\/et_pb_column][\/et_pb_row][et_pb_row _builder_version=&#8220;4.27.4&#8243; _module_preset=&#8220;default&#8220; global_colors_info=&#8220;{}&#8220;][et_pb_column type=&#8220;4_4&#8243; _builder_version=&#8220;4.27.4&#8243; _module_preset=&#8220;default&#8220; global_colors_info=&#8220;{}&#8220;][et_pb_text _builder_version=&#8220;4.27.5&#8243; _module_preset=&#8220;default&#8220; hover_enabled=&#8220;0&#8243; global_colors_info=&#8220;{}&#8220; sticky_enabled=&#8220;0&#8243; text_orientation=&#8220;center&#8220;]<\/p>\n<header class=\"entry-header\">\n<h1 class=\"entry-title\" style=\"text-align: center;\">Sommerpreise<\/h1>\n<\/header>\n<div class=\"entry-content\">\n<h3 style=\"text-align: center;\">Zimmer Sommer<\/h3>\n<div id=\"tablepress-2_wrapper\" class=\"dataTables_wrapper no-footer\" style=\"text-align: center;\">\n<table id=\"tablepress-2\" class=\"tablepress tablepress-id-2 dataTable no-footer\" role=\"grid\" style=\"width: 778px;\" height=\"377\">\n<thead>\n<tr class=\"row-1 odd\" role=\"row\">\n<th class=\"column-1 sorting_disabled\" style=\"width: 537.15625px;\">01.05. &#8211; 31.10.2026<\/th>\n<th class=\"column-3 sorting_disabled\" style=\"width: 224.859375px;\">4-7 N\u00c4CHTE<\/th>\n<\/tr>\n<\/thead>\n<tbody class=\"row-hover\">\n<tr class=\"row-2 even\" role=\"row\">\n<td class=\"column-1\" style=\"width: 537.15625px;\">Doppelzimmer A mit Balkon<\/td>\n<td class=\"column-3\" style=\"width: 224.859375px;\">\u20ac 60,00<\/td>\n<\/tr>\n<tr>\n<td style=\"width: 537.15625px;\">Doppelzimmer B mit Balkon<\/td>\n<td style=\"width: 224.859375px;\">\u20ac 62,00<\/td>\n<\/tr>\n<tr class=\"row-3 odd\" role=\"row\">\n<td class=\"column-1\" style=\"width: 537.15625px;\">Zwei-Raum Doppelzimmer mit Balkon<\/td>\n<td class=\"column-3\" style=\"width: 224.859375px;\">\u20ac 64,00<\/td>\n<\/tr>\n<tr class=\"row-4 even\" role=\"row\">\n<td class=\"column-1\" style=\"width: 537.15625px;\">Kleines Doppelzimmer mit Balkon<\/td>\n<td class=\"column-3\" style=\"width: 224.859375px;\">\u20ac 58,00<\/td>\n<\/tr>\n<tr class=\"row-5 odd\" role=\"row\">\n<td class=\"column-1\" style=\"width: 537.15625px;\">Einzelzimmer mit Balkon<\/td>\n<td class=\"column-3\" style=\"width: 224.859375px;\">\u20ac 58,00<\/td>\n<\/tr>\n<\/tbody>\n<\/table>\n<\/div>\n<h3 style=\"text-align: center;\"><\/h3>\n<h3 style=\"text-align: center;\">Ferienwohnungen Sommer<\/h3>\n<div id=\"tablepress-5_wrapper\" class=\"dataTables_wrapper no-footer\">\n<table id=\"tablepress-5\" class=\"tablepress tablepress-id-5 dataTable no-footer\" role=\"grid\">\n<thead>\n<tr class=\"row-1 odd\" role=\"row\">\n<th class=\"column-1 sorting_disabled\" rowspan=\"1\" colspan=\"1\">01.05. &#8211; 31.10.2026<\/th>\n<th class=\"column-2 sorting_disabled\" rowspan=\"1\" colspan=\"1\"><\/th>\n<th class=\"column-3 sorting_disabled\" rowspan=\"1\" colspan=\"1\">AB 5 N\u00c4CHTEN<\/th>\n<th class=\"column-4 sorting_disabled\" rowspan=\"1\" colspan=\"1\"><\/th>\n<\/tr>\n<\/thead>\n<tbody class=\"row-hover\">\n<tr class=\"row-2 even\" role=\"row\" style=\"text-align: center;\">\n<td class=\"column-1\">Ferienwohnung A<\/td>\n<td class=\"column-2\">2 Personen<\/td>\n<td class=\"column-3\">\u20ac 84,00<\/td>\n<td class=\"column-4\"><\/td>\n<\/tr>\n<tr class=\"row-3 odd\" role=\"row\" style=\"text-align: center;\">\n<td class=\"column-1\">Ferienwohnung A 1<\/td>\n<td class=\"column-2\">2 Personen<br \/>3 Personen<\/td>\n<td class=\"column-3\">\u20ac 88,00<br \/>\u20ac 98,00<\/td>\n<td class=\"column-4\"><\/td>\n<\/tr>\n<tr class=\"row-4 even\" role=\"row\" style=\"text-align: center;\">\n<td class=\"column-1\">Ferienwohnung B<\/td>\n<td class=\"column-2\">2 Personen<\/td>\n<td class=\"column-3\">\u20ac 94,00<\/td>\n<td class=\"column-4\"><\/td>\n<\/tr>\n<tr class=\"row-5 odd\" role=\"row\" style=\"text-align: center;\">\n<td class=\"column-1\"><\/td>\n<td class=\"column-2\">3 Personen<\/td>\n<td class=\"column-3\">\u20ac 118,00<\/td>\n<td class=\"column-4\"><\/td>\n<\/tr>\n<tr class=\"row-6 even\" role=\"row\" style=\"text-align: center;\">\n<td class=\"column-1\"><\/td>\n<td class=\"column-2\">4 Personen<\/td>\n<td class=\"column-3\">\u20ac 140,00<\/td>\n<td class=\"column-4\"><\/td>\n<\/tr>\n<tr class=\"row-7 odd\" role=\"row\">\n<td class=\"column-1\" style=\"text-align: center;\">Ferienwohnung C<\/td>\n<td class=\"column-2\" style=\"text-align: center;\">2 Personen<\/td>\n<td class=\"column-3\" style=\"text-align: center;\">\u20ac 86,00<\/td>\n<td class=\"column-4\"><\/td>\n<\/tr>\n<\/tbody>\n<\/table>\n<\/div>\n<\/div>\n<p>[\/et_pb_text][\/et_pb_column][\/et_pb_row][et_pb_row _builder_version=&#8220;4.27.4&#8243; _module_preset=&#8220;default&#8220; global_colors_info=&#8220;{}&#8220;][et_pb_column type=&#8220;4_4&#8243; _builder_version=&#8220;4.27.4&#8243; _module_preset=&#8220;default&#8220; global_colors_info=&#8220;{}&#8220;][et_pb_text _builder_version=&#8220;4.27.4&#8243; _module_preset=&#8220;default&#8220; width=&#8220;100%&#8220; global_colors_info=&#8220;{}&#8220;]<\/p>\n<p data-start=\"409\" data-end=\"545\" class=\"\">Im Preis enthalten sind au\u00dferdem:<br data-start=\"442\" data-end=\"445\" \/>\u2714 Die Nutzung der Bergbahnen in Tannheim, Gr\u00e4n und Schattwald<br data-start=\"506\" data-end=\"509\" \/>\u2714 Der Eintritt ins Freibad Haldensee<\/p>\n<p data-start=\"547\" data-end=\"767\" class=\"\"><strong data-start=\"547\" data-end=\"564\">Zimmerwunsch:<\/strong><br data-start=\"564\" data-end=\"567\" \/>Ab einer Buchung von <strong data-start=\"588\" data-end=\"601\">5 N\u00e4chten<\/strong> reservieren wir gerne \u2013 nach Verf\u00fcgbarkeit \u2013 Ihr gew\u00fcnschtes Zimmer.<br data-start=\"670\" data-end=\"673\" \/>Bei Buchungen <strong data-start=\"687\" data-end=\"703\">bis 4 N\u00e4chte<\/strong> ist eine Reservierung nur in der gew\u00fcnschten Kategorie m\u00f6glich.<\/p>\n<p data-start=\"769\" data-end=\"937\" class=\"\"><strong data-start=\"769\" data-end=\"788\">Alleinreisende:<\/strong><br data-start=\"788\" data-end=\"791\" \/>Alle Zimmer sind auch zur <strong data-start=\"817\" data-end=\"834\">Einzelnutzung<\/strong> buchbar:<br data-start=\"843\" data-end=\"846\" \/>\u2013 Doppelzimmer: Aufschlag \u20ac 15,00\/Nacht<br data-start=\"885\" data-end=\"888\" \/>\u2013 Zwei-Raum-Doppelzimmer: Aufschlag \u20ac 20,00\/Nacht<\/p>\n<p data-start=\"939\" data-end=\"1016\" class=\"\"><strong data-start=\"939\" data-end=\"972\">Endreinigung Ferienwohnungen:<\/strong> \u20ac 40,00 \u2013 \u20ac 70,00<\/p>\n<p>[\/et_pb_text][\/et_pb_column][\/et_pb_row][\/et_pb_section]<\/p>\n","protected":false},"excerpt":{"rendered":"<p>Ob gem\u00fctliches Zimmer oder gro\u00dfz\u00fcgige Ferienwohnung \u2013 hier finden Sie alle Preise f\u00fcr Ihren Aufenthalt im Haus Vroni im Tannheimertal. Transparent, fair und saisonal angepasst. Bei Fragen stehen wir Ihnen jederzeit gerne pers\u00f6nlich zur Verf\u00fcgung! Preise pro Person\/Nacht in den Zimmern inkl. Fr\u00fchst\u00fccksbuffetPreise pro Tag in den Ferienwohnungen zzgl. Kurtaxe \u20ac 3,50 pro Person\/NachtF\u00fcr \u00dcbernachtungen [&hellip;]<\/p>\n","protected":false},"author":1,"featured_media":0,"parent":43,"menu_order":0,"comment_status":"closed","ping_status":"closed","template":"","meta":{"_et_pb_use_builder":"on","_et_pb_old_content":"","_et_gb_content_width":"","footnotes":""},"class_list":["post-63","page","type-page","status-publish","hentry"],"_links":{"self":[{"href":"https:\/\/hausvroni.com\/index.php\/wp-json\/wp\/v2\/pages\/63","targetHints":{"allow":["GET"]}}],"collection":[{"href":"https:\/\/hausvroni.com\/index.php\/wp-json\/wp\/v2\/pages"}],"about":[{"href":"https:\/\/hausvroni.com\/index.php\/wp-json\/wp\/v2\/types\/page"}],"author":[{"embeddable":true,"href":"https:\/\/hausvroni.com\/index.php\/wp-json\/wp\/v2\/users\/1"}],"replies":[{"embeddable":true,"href":"https:\/\/hausvroni.com\/index.php\/wp-json\/wp\/v2\/comments?post=63"}],"version-history":[{"count":12,"href":"https:\/\/hausvroni.com\/index.php\/wp-json\/wp\/v2\/pages\/63\/revisions"}],"predecessor-version":[{"id":717,"href":"https:\/\/hausvroni.com\/index.php\/wp-json\/wp\/v2\/pages\/63\/revisions\/717"}],"up":[{"embeddable":true,"href":"https:\/\/hausvroni.com\/index.php\/wp-json\/wp\/v2\/pages\/43"}],"wp:attachment":[{"href":"https:\/\/hausvroni.com\/index.php\/wp-json\/wp\/v2\/media?parent=63"}],"curies":[{"name":"wp","href":"https:\/\/api.w.org\/{rel}","templated":true}]}}