{"id":65,"date":"2025-04-15T11:44:24","date_gmt":"2025-04-15T11:44:24","guid":{"rendered":"https:\/\/infallible-chaplygin.82-220-37-30.plesk.page\/wordpress\/?page_id=65"},"modified":"2025-10-29T15:22:32","modified_gmt":"2025-10-29T15:22:32","slug":"sommer","status":"publish","type":"page","link":"https:\/\/hausvroni.com\/index.php\/tannheimer-tal\/sommer\/","title":{"rendered":"Sommer"},"content":{"rendered":"<p>[et_pb_section fb_built=&#8220;1&#8243; _builder_version=&#8220;4.27.4&#8243; _module_preset=&#8220;default&#8220; global_colors_info=&#8220;{}&#8220;][et_pb_row _builder_version=&#8220;4.27.4&#8243; _module_preset=&#8220;default&#8220; global_colors_info=&#8220;{}&#8220;][et_pb_column type=&#8220;4_4&#8243; _builder_version=&#8220;4.27.4&#8243; _module_preset=&#8220;default&#8220; global_colors_info=&#8220;{}&#8220;][et_pb_blurb title=&#8220;Sommerfrische in den Bergen&#8220; content_max_width=&#8220;1100px&#8220; _builder_version=&#8220;4.27.4&#8243; _module_preset=&#8220;default&#8220; header_text_align=&#8220;center&#8220; body_text_align=&#8220;center&#8220; text_orientation=&#8220;center&#8220; width=&#8220;100%&#8220; global_colors_info=&#8220;{}&#8220;]<\/p>\n<h6 data-start=\"838\" data-end=\"872\"><strong data-start=\"838\" data-end=\"872\">Wandern. Durchatmen. Genie\u00dfen.<\/strong><\/h6>\n<p data-start=\"874\" data-end=\"1174\" class=\"\">Wenn die Almen bl\u00fchen, die Seen glitzern und die Gipfel zum Greifen nah scheinen \u2013 dann ist Sommer im Tannheimer Tal. Das traditionsreiche Hochtal auf 1.100\u202fm Seeh\u00f6he ist ein echter Geheimtipp f\u00fcr alle, die der Sommerhitze entfliehen, aktiv die Natur erleben oder einfach neue Energie tanken m\u00f6chten.<\/p>\n<p data-start=\"1176\" data-end=\"1307\" class=\"\">Ob gem\u00fctlich oder sportlich, allein oder mit Familie: Der Sommer im Tannheimer Tal ist so vielseitig wie die G\u00e4ste, die ihn lieben.<\/p>\n<p>[\/et_pb_blurb][\/et_pb_column][\/et_pb_row][et_pb_row column_structure=&#8220;1_2,1_2&#8243; make_equal=&#8220;on&#8220; _builder_version=&#8220;4.27.4&#8243; _module_preset=&#8220;default&#8220; global_colors_info=&#8220;{}&#8220;][et_pb_column type=&#8220;1_2&#8243; _builder_version=&#8220;4.27.4&#8243; _module_preset=&#8220;default&#8220; custom_css_main_element=&#8220;margin:auto;&#8220; global_colors_info=&#8220;{}&#8220;][et_pb_text _builder_version=&#8220;4.27.4&#8243; _module_preset=&#8220;default&#8220; global_colors_info=&#8220;{}&#8220;]<\/p>\n<h6 data-start=\"1314\" data-end=\"1339\">Wandern &amp; Bergsteigen<\/h6>\n<p data-start=\"1341\" data-end=\"1670\" class=\"\">Bestens markierte Wanderwege f\u00fchren durch bl\u00fchende Wiesen, zu bewirtschafteten Almen und auf aussichtsreiche Gipfel.<br data-start=\"1461\" data-end=\"1464\" \/>Von leichten Talwegen bis zu anspruchsvollen H\u00f6henrouten \u2013 hier findet jede:r seinen Lieblingsweg. Ein besonderes Highlight: die t\u00e4glichen, kostenlosen Bergfahrten mit den Sommerbergbahnen f\u00fcr unsere G\u00e4ste.<\/p>\n<p data-start=\"1341\" data-end=\"1670\" class=\"\">\n<ul>\n<li data-start=\"1672\" data-end=\"1786\">Familienfreundliche Rundwanderwege<\/li>\n<li data-start=\"1672\" data-end=\"1786\">Themenwege<\/li>\n<li data-start=\"1672\" data-end=\"1786\">H\u00f6henwege &amp; Bergtouren f\u00fcr Aktive<\/li>\n<\/ul>\n<p>[\/et_pb_text][\/et_pb_column][et_pb_column type=&#8220;1_2&#8243; _builder_version=&#8220;4.27.4&#8243; _module_preset=&#8220;default&#8220; custom_css_main_element=&#8220;margin:auto;&#8220; global_colors_info=&#8220;{}&#8220;][et_pb_image src=&#8220;https:\/\/hausvroni.com\/wp-content\/uploads\/2025\/05\/Wandern.jpg&#8220; alt=&#8220;Wanderurlaub im Tannheimer Tal&#8220; title_text=&#8220;Wandern&#8220; _builder_version=&#8220;4.27.4&#8243; _module_preset=&#8220;default&#8220; global_colors_info=&#8220;{}&#8220;][\/et_pb_image][\/et_pb_column][\/et_pb_row][et_pb_row column_structure=&#8220;1_2,1_2&#8243; make_equal=&#8220;on&#8220; _builder_version=&#8220;4.27.4&#8243; _module_preset=&#8220;default&#8220; global_colors_info=&#8220;{}&#8220;][et_pb_column type=&#8220;1_2&#8243; _builder_version=&#8220;4.27.4&#8243; _module_preset=&#8220;default&#8220; custom_css_main_element=&#8220;margin:auto;&#8220; global_colors_info=&#8220;{}&#8220;][et_pb_image src=&#8220;https:\/\/hausvroni.com\/wp-content\/uploads\/2025\/05\/SommerBI.jpg&#8220; alt=&#8220;Sommerbergbahn inklusive im Tannheimer Tal&#8220; title_text=&#8220;SommerBI&#8220; url=&#8220;https:\/\/www.tannheimertal.com\/de\/bergbahnen\/sommerbergbahnen\/bergbahnen-inklusive&#8220; url_new_window=&#8220;on&#8220; _builder_version=&#8220;4.27.4&#8243; _module_preset=&#8220;default&#8220; global_colors_info=&#8220;{}&#8220;][\/et_pb_image][\/et_pb_column][et_pb_column type=&#8220;1_2&#8243; _builder_version=&#8220;4.27.4&#8243; _module_preset=&#8220;default&#8220; custom_css_main_element=&#8220;margin:auto;&#8220; global_colors_info=&#8220;{}&#8220;][et_pb_text _builder_version=&#8220;4.27.4&#8243; _module_preset=&#8220;default&#8220; global_colors_info=&#8220;{}&#8220;]<\/p>\n<h6>Sommerbergbahnen inklusive<\/h6>\n<p><strong>W\u00e4hrend Ihres Aufenthalts im Tannheimer Tal k\u00f6nnen Sie die teilnehmenden Bergbahnen (Tannheim, Gr\u00e4n und Schattwald) einmal pro Tag**(1x Berg- und\/oder Talfahrt) zu den jeweiligen Liftbetriebszeiten nutzen \u2013 und erhalten gleichzeitig noch jeden Tag zeitlich unbegrenzten Zugang zum Freibad in Haldensee.<\/strong><\/p>\n<p>**Pro Nacht, welche Sie im Tannheimer Tal als \u00dcbernachtungsgast logieren, ist ein Nutzungstag enthalten. Das bedeutet z. B.: F\u00fcr 4 verbrachte N\u00e4chte k\u00f6nnen Sie an 4 Tagen die Bergbahnen und das Freibad Haldensee nutzen. Die Karte kann entweder am An- oder Abreisetag verwendet werden.<\/p>\n<p>[\/et_pb_text][et_pb_button button_url=&#8220;https:\/\/www.tannheimertal.com\/de\/bergbahnen\/sommerbergbahnen\/bergbahnen-inklusive&#8220; url_new_window=&#8220;on&#8220; button_text=&#8220;Mehr Informationen dazu.&#8220; _builder_version=&#8220;4.27.4&#8243; _module_preset=&#8220;default&#8220; custom_button=&#8220;on&#8220; button_text_color=&#8220;#FFFFFF&#8220; button_bg_color=&#8220;#677a5e&#8220; button_border_radius=&#8220;10px&#8220; global_colors_info=&#8220;{}&#8220;][\/et_pb_button][\/et_pb_column][\/et_pb_row][et_pb_row column_structure=&#8220;1_2,1_2&#8243; make_equal=&#8220;on&#8220; _builder_version=&#8220;4.27.4&#8243; _module_preset=&#8220;default&#8220; global_colors_info=&#8220;{}&#8220;][et_pb_column type=&#8220;1_2&#8243; _builder_version=&#8220;4.27.4&#8243; _module_preset=&#8220;default&#8220; custom_css_main_element=&#8220;margin:auto;&#8220; global_colors_info=&#8220;{}&#8220;][et_pb_text _builder_version=&#8220;4.27.4&#8243; _module_preset=&#8220;default&#8220; global_colors_info=&#8220;{}&#8220;]<\/p>\n<h6 data-start=\"1793\" data-end=\"1816\">Radfahren &amp; E-Biken<\/h6>\n<p data-start=\"1818\" data-end=\"2088\" class=\"\">Das Tannheimer Tal ist ideal f\u00fcr gem\u00fctliche Radausfl\u00fcge und sportliche Touren gleicherma\u00dfen. Zahlreiche Radwege f\u00fchren durchs Tal, zu Seen, Almen und bis hin\u00fcber nach Deutschland. F\u00fcr alle, die\u2019s bequem m\u00f6gen, gibt\u2019s bestens ausgebaute E-Bike-Strecken und Ladestationen.<\/p>\n<p data-start=\"1818\" data-end=\"2088\" class=\"\">\n<ul>\n<li data-start=\"1818\" data-end=\"2088\">Rad- &amp; E-Bike-Verleih im Ort<\/li>\n<li data-start=\"1818\" data-end=\"2088\">Direkter Einstieg ins Radwegenetz<\/li>\n<li data-start=\"1818\" data-end=\"2088\">Tourentipps f\u00fcr Genussradler &amp; Sportliche<\/li>\n<\/ul>\n<p>[\/et_pb_text][\/et_pb_column][et_pb_column type=&#8220;1_2&#8243; _builder_version=&#8220;4.27.4&#8243; _module_preset=&#8220;default&#8220; custom_css_main_element=&#8220;margin:auto;&#8220; global_colors_info=&#8220;{}&#8220;][et_pb_image src=&#8220;https:\/\/hausvroni.com\/wp-content\/uploads\/2025\/10\/Tannheimertal_Tirol-Werbung_Unverzart-Olaf_Keine-Ortsangabe-scaled.jpg&#8220; alt=&#8220;Radfahren auf allen Ebenen im Tannheimer Tal&#8220; title_text=&#8220;Tannheimertal&#8220; _builder_version=&#8220;4.27.4&#8243; _module_preset=&#8220;default&#8220; hover_enabled=&#8220;0&#8243; global_colors_info=&#8220;{}&#8220; sticky_enabled=&#8220;0&#8243;][\/et_pb_image][\/et_pb_column][\/et_pb_row][et_pb_row column_structure=&#8220;1_2,1_2&#8243; make_equal=&#8220;on&#8220; _builder_version=&#8220;4.27.4&#8243; _module_preset=&#8220;default&#8220; global_colors_info=&#8220;{}&#8220;][et_pb_column type=&#8220;1_2&#8243; _builder_version=&#8220;4.27.4&#8243; _module_preset=&#8220;default&#8220; custom_css_main_element=&#8220;margin:auto;&#8220; global_colors_info=&#8220;{}&#8220;][et_pb_image src=&#8220;https:\/\/hausvroni.com\/wp-content\/uploads\/2025\/10\/Tannheimertal-Engetal_Tirol-Werbung_Kathrein-Verena_Graen-Haldensee-scaled.jpg&#8220; title_text=&#8220;Tannheimertal, Engetal_Tirol Werbung_Kathrein Verena_Gr\u00e4n-Haldensee&#8220; _builder_version=&#8220;4.27.4&#8243; _module_preset=&#8220;default&#8220; hover_enabled=&#8220;0&#8243; global_colors_info=&#8220;{}&#8220; sticky_enabled=&#8220;0&#8243;][\/et_pb_image][\/et_pb_column][et_pb_column type=&#8220;1_2&#8243; _builder_version=&#8220;4.27.4&#8243; _module_preset=&#8220;default&#8220; custom_css_main_element=&#8220;margin:auto;&#8220; global_colors_info=&#8220;{}&#8220;][et_pb_text _builder_version=&#8220;4.27.4&#8243; _module_preset=&#8220;default&#8220; global_colors_info=&#8220;{}&#8220;]<\/p>\n<h6 data-start=\"2562\" data-end=\"2594\">Familienzeit &amp; Naturerlebnis<\/h6>\n<p data-start=\"2596\" data-end=\"2836\" class=\"\">Ob barfu\u00df \u00fcber Almwiesen laufen, Tiere auf der Weide beobachten oder mit der ganzen Familie zur n\u00e4chsten H\u00fctte wandern \u2013 im Sommer gibt es f\u00fcr Gro\u00df und Klein viel zu entdecken. Ein Urlaub im Tannheimer Tal schafft Erinnerungen, die bleiben.<\/p>\n<p data-start=\"2596\" data-end=\"2836\" class=\"\">\n<ul>\n<li data-start=\"2596\" data-end=\"2836\">Naturerlebnis f\u00fcr Kinder<\/li>\n<li data-start=\"2596\" data-end=\"2836\">Almbesuche &amp; Bauernhofn\u00e4he<\/li>\n<li data-start=\"2596\" data-end=\"2836\">Familienwanderungen &amp; Erlebniswege<\/li>\n<\/ul>\n<p>[\/et_pb_text][\/et_pb_column][\/et_pb_row][et_pb_row column_structure=&#8220;1_2,1_2&#8243; make_equal=&#8220;on&#8220; _builder_version=&#8220;4.27.4&#8243; _module_preset=&#8220;default&#8220; global_colors_info=&#8220;{}&#8220;][et_pb_column type=&#8220;1_2&#8243; _builder_version=&#8220;4.27.4&#8243; _module_preset=&#8220;default&#8220; custom_css_main_element=&#8220;margin:auto;&#8220; global_colors_info=&#8220;{}&#8220;][et_pb_text _builder_version=&#8220;4.27.4&#8243; _module_preset=&#8220;default&#8220; global_colors_info=&#8220;{}&#8220;]<\/p>\n<h6 data-start=\"2214\" data-end=\"2240\">Baden &amp; Natur genie\u00dfen<\/h6>\n<p data-start=\"2242\" data-end=\"2459\" class=\"\"><span>Gemeinsam entspannen sich Eltern und Kinder beim Baden. Die <\/span><strong>zwei Freib\u00e4der<\/strong><span> der Region, die <\/span><strong>Wasserwelt Haldensee<\/strong><span> und das <\/span><strong>Felsenbad Jungholz<\/strong><span>, sind voll und ganz auf Familien ausgerichtet. Von beheizten Schwimm- und Kinderplanschbecken, \u00fcber Rutsch-Vergn\u00fcgen bis hin zu gr\u00fcnen Liegewiesen und Minigolf-Anlage ist f\u00fcr alle was dabei.<\/span><\/p>\n<p data-start=\"2242\" data-end=\"2459\" class=\"\"><span>Wer lieber in der <strong>Natur schwimmt<\/strong>, der sollte zu einem der tiefblauen <strong>Bergseen Haldensee, Vilsalpsee, H\u00f6fersee oder Floschen<\/strong> fahren und dort das kristallklare Wasser beim Planschen genie\u00dfen.<\/span><\/p>\n<p>[\/et_pb_text][\/et_pb_column][et_pb_column type=&#8220;1_2&#8243; _builder_version=&#8220;4.27.4&#8243; _module_preset=&#8220;default&#8220; custom_css_main_element=&#8220;margin:auto;&#8220; global_colors_info=&#8220;{}&#8220;][et_pb_image src=&#8220;https:\/\/hausvroni.com\/wp-content\/uploads\/2025\/08\/VilsalpseeHEader2.jpg&#8220; alt=&#8220;Naturschutzgebiet Vilsalpsee in Tannheim&#8220; title_text=&#8220;VilsalpseeHEader2&#8243; _builder_version=&#8220;4.27.4&#8243; _module_preset=&#8220;default&#8220; hover_enabled=&#8220;0&#8243; global_colors_info=&#8220;{}&#8220; sticky_enabled=&#8220;0&#8243;][\/et_pb_image][\/et_pb_column][\/et_pb_row][et_pb_row _builder_version=&#8220;4.27.4&#8243; _module_preset=&#8220;default&#8220; background_color=&#8220;#ebe6e8&#8243; width=&#8220;100%&#8220; max_width=&#8220;2560px&#8220; global_colors_info=&#8220;{}&#8220;][et_pb_column type=&#8220;4_4&#8243; _builder_version=&#8220;4.27.4&#8243; _module_preset=&#8220;default&#8220; global_colors_info=&#8220;{}&#8220;][et_pb_blurb title=&#8220;Lust auf Sommer im Haus Vroni?&#8220; content_max_width=&#8220;754px&#8220; _builder_version=&#8220;4.27.4&#8243; _module_preset=&#8220;default&#8220; header_text_align=&#8220;center&#8220; body_text_align=&#8220;center&#8220; text_orientation=&#8220;center&#8220; width=&#8220;100%&#8220; global_colors_info=&#8220;{}&#8220;]<\/p>\n<p data-start=\"3461\" data-end=\"3641\" class=\"\">Unser traditionell-modernes Haus ist der ideale Ausgangspunkt f\u00fcr Ihre Erkundungstouren im Tannheimer Tal. Zentral, ruhig gelegen \u2013 mit pers\u00f6nlicher Betreuung durch Familie Gugger.<\/p>\n<p>[\/et_pb_blurb][\/et_pb_column][\/et_pb_row][et_pb_row column_structure=&#8220;1_3,1_3,1_3&#8243; _builder_version=&#8220;4.27.4&#8243; _module_preset=&#8220;default&#8220; global_colors_info=&#8220;{}&#8220;][et_pb_column type=&#8220;1_3&#8243; _builder_version=&#8220;4.27.4&#8243; _module_preset=&#8220;default&#8220; global_colors_info=&#8220;{}&#8220;][et_pb_image src=&#8220;https:\/\/hausvroni.com\/wp-content\/uploads\/2025\/08\/hausvroni.jpg&#8220; alt=&#8220;Das Haus Vroni in Tannheim Berg&#8220; title_text=&#8220;hausvroni&#8220; url=&#8220;@ET-DC@eyJkeW5hbWljIjp0cnVlLCJjb250ZW50IjoicG9zdF9saW5rX3VybF9wYWdlIiwic2V0dGluZ3MiOnsicG9zdF9pZCI6IjEzNCJ9fQ==@&#8220; _builder_version=&#8220;4.27.4&#8243; _dynamic_attributes=&#8220;url&#8220; _module_preset=&#8220;default&#8220; global_colors_info=&#8220;{}&#8220;][\/et_pb_image][\/et_pb_column][et_pb_column type=&#8220;1_3&#8243; _builder_version=&#8220;4.27.4&#8243; _module_preset=&#8220;default&#8220; global_colors_info=&#8220;{}&#8220;][et_pb_image src=&#8220;https:\/\/hausvroni.com\/wp-content\/uploads\/2025\/08\/Winter.jpg&#8220; alt=&#8220;Winter im Tannheimer Tal&#8220; title_text=&#8220;Winter&#8220; url=&#8220;@ET-DC@eyJkeW5hbWljIjp0cnVlLCJjb250ZW50IjoicG9zdF9saW5rX3VybF9wYWdlIiwic2V0dGluZ3MiOnsicG9zdF9pZCI6IjE5MCJ9fQ==@&#8220; _builder_version=&#8220;4.27.4&#8243; _dynamic_attributes=&#8220;url&#8220; _module_preset=&#8220;default&#8220; global_colors_info=&#8220;{}&#8220;][\/et_pb_image][\/et_pb_column][et_pb_column type=&#8220;1_3&#8243; _builder_version=&#8220;4.27.4&#8243; _module_preset=&#8220;default&#8220; global_colors_info=&#8220;{}&#8220;][et_pb_image src=&#8220;https:\/\/hausvroni.com\/wp-content\/uploads\/2025\/08\/Ausflugsziele.jpg&#8220; alt=&#8220;Sehensw\u00fcrdigkeiten&#8220; title_text=&#8220;Ausflugsziele&#8220; url=&#8220;@ET-DC@eyJkeW5hbWljIjp0cnVlLCJjb250ZW50IjoicG9zdF9saW5rX3VybF9wYWdlIiwic2V0dGluZ3MiOnsicG9zdF9pZCI6IjE5NyJ9fQ==@&#8220; _builder_version=&#8220;4.27.4&#8243; _dynamic_attributes=&#8220;url&#8220; _module_preset=&#8220;default&#8220; hover_enabled=&#8220;0&#8243; global_colors_info=&#8220;{}&#8220; sticky_enabled=&#8220;0&#8243;][\/et_pb_image][\/et_pb_column][\/et_pb_row][\/et_pb_section]<\/p>\n","protected":false},"excerpt":{"rendered":"<p>Wandern. Durchatmen. Genie\u00dfen. Wenn die Almen bl\u00fchen, die Seen glitzern und die Gipfel zum Greifen nah scheinen \u2013 dann ist Sommer im Tannheimer Tal. Das traditionsreiche Hochtal auf 1.100\u202fm Seeh\u00f6he ist ein echter Geheimtipp f\u00fcr alle, die der Sommerhitze entfliehen, aktiv die Natur erleben oder einfach neue Energie tanken m\u00f6chten. Ob gem\u00fctlich oder sportlich, allein [&hellip;]<\/p>\n","protected":false},"author":1,"featured_media":0,"parent":45,"menu_order":0,"comment_status":"closed","ping_status":"closed","template":"","meta":{"_et_pb_use_builder":"on","_et_pb_old_content":"<!-- wp:divi\/placeholder \/-->","_et_gb_content_width":"","footnotes":""},"class_list":["post-65","page","type-page","status-publish","hentry"],"_links":{"self":[{"href":"https:\/\/hausvroni.com\/index.php\/wp-json\/wp\/v2\/pages\/65","targetHints":{"allow":["GET"]}}],"collection":[{"href":"https:\/\/hausvroni.com\/index.php\/wp-json\/wp\/v2\/pages"}],"about":[{"href":"https:\/\/hausvroni.com\/index.php\/wp-json\/wp\/v2\/types\/page"}],"author":[{"embeddable":true,"href":"https:\/\/hausvroni.com\/index.php\/wp-json\/wp\/v2\/users\/1"}],"replies":[{"embeddable":true,"href":"https:\/\/hausvroni.com\/index.php\/wp-json\/wp\/v2\/comments?post=65"}],"version-history":[{"count":8,"href":"https:\/\/hausvroni.com\/index.php\/wp-json\/wp\/v2\/pages\/65\/revisions"}],"predecessor-version":[{"id":586,"href":"https:\/\/hausvroni.com\/index.php\/wp-json\/wp\/v2\/pages\/65\/revisions\/586"}],"up":[{"embeddable":true,"href":"https:\/\/hausvroni.com\/index.php\/wp-json\/wp\/v2\/pages\/45"}],"wp:attachment":[{"href":"https:\/\/hausvroni.com\/index.php\/wp-json\/wp\/v2\/media?parent=65"}],"curies":[{"name":"wp","href":"https:\/\/api.w.org\/{rel}","templated":true}]}}